{"id":905,"date":"2019-07-04T14:10:10","date_gmt":"2019-07-04T13:10:10","guid":{"rendered":"http:\/\/sportskamedicina.com.ba\/?page_id=905"},"modified":"2025-08-20T10:40:41","modified_gmt":"2025-08-20T09:40:41","slug":"upravni-i-nadzorni-odbor","status":"publish","type":"page","link":"https:\/\/sportskamedicina.com.ba\/?page_id=905","title":{"rendered":"UPRAVNI I NADZORNI ODBOR"},"content":{"rendered":"\n<p><strong>Vlada Kantona Sarajevo  donijela je Rje\u0161enje o imenovanju predsjednika i \u010dlanova Upravnog odbora i Nadzornog odbora. <\/strong><\/p>\n\n\n\n<p><strong>Imenuju se :<\/strong><\/p>\n\n\n\n<h3 class=\"wp-block-heading\">UPRAVNI ODBOR J.U. ZAVOD ZA SPORTSKU MEDICINU KANTONA SARAJEVO <\/h3>\n\n\n\n<div class=\"wp-block-group\"><div class=\"wp-block-group__inner-container is-layout-constrained wp-block-group-is-layout-constrained\">\n<div class=\"wp-block-columns is-layout-flex wp-container-core-columns-is-layout-2 wp-block-columns-is-layout-flex\">\n<div class=\"wp-block-column is-vertically-aligned-top is-layout-flow wp-block-column-is-layout-flow\" style=\"flex-basis:100%\">\n<blockquote class=\"wp-block-quote is-style-plain is-layout-flow wp-block-quote-is-layout-flow\">\n<div class=\"wp-block-columns is-layout-flex wp-container-core-columns-is-layout-1 wp-block-columns-is-layout-flex\">\n<div class=\"wp-block-column is-layout-flow wp-block-column-is-layout-flow\" style=\"flex-basis:100%\">\n<p>NA OSNOVU RJE\u0160ENJA VLADE KS OD 30.05.2024. GODINE IMENUJU SE  PREDSJEDNIK I  \u010cLANOVI UPRAVNOG ODBORA JU ZAVOD ZA SPORTSKU MEDICINU KANTONA SARAJEVO<\/p>\n\n\n\n<ol class=\"wp-block-list\">\n<li>Rubina Alimanovi\u0107-Alagi\u0107, predsjednik (Na osnovu Rje\u0161enja Vlade Kantona Sarajevo broj: 02-04-17057-18.2\/25 od 30.04.2025. godine o imenovanju predsjednika Upravnog odbora Javne ustanove Zavod za sportsku medicinu Kantona Sarajevo)<\/li>\n\n\n\n<li>Kapid\u017ei\u0107 Amila, \u010dlan<\/li>\n\n\n\n<li>Piri\u0107 Novakovi\u0107 Ines, \u010dlan<\/li>\n\n\n\n<li>Muhamed Klepi\u0107, \u010dlan<\/li>\n\n\n\n<li>Hasanovi\u0107 Lingo Minela, \u010dlan.<\/li>\n<\/ol>\n<\/div>\n<\/div>\n<\/blockquote>\n<\/div>\n<\/div>\n<\/div><\/div>\n\n\n\n<h3 class=\"wp-block-heading\" id=\"mce_22\">NADZORNI ODBOR J.U. ZAVOD ZA SPORTSKU MEDICINU KANTONA SARAJEVO<\/h3>\n\n\n\n<blockquote class=\"wp-block-quote is-layout-flow wp-block-quote-is-layout-flow\">\n<p class=\"has-black-color has-text-color\">NA OSNOVU RJE\u0160ENJA VLADE KS OD 05.07.2024. GODINE IMENUJU SE  PREDSJEDNIK I \u010cLANOVI NADZORNOG ODBORA JU ZAVOD ZA SPORTSKU MEDICINU KANTONA SARAJEVO<\/p>\n\n\n\n<ol class=\"wp-block-list\">\n<li>Tanovi\u0107 Edina, predsjednica<\/li>\n\n\n\n<li>Amir Kurtovi\u0107, \u010dlan<\/li>\n\n\n\n<li>Eldar Struji\u0107, \u010dlan<\/li>\n<\/ol>\n\n\n\n<p><\/p>\n<\/blockquote>\n","protected":false},"excerpt":{"rendered":"<p>Vlada Kantona Sarajevo donijela je Rje\u0161enje o imenovanju predsjednika i \u010dlanova Upravnog odbora i Nadzornog odbora. Imenuju se : UPRAVNI ODBOR J.U. ZAVOD ZA SPORTSKU MEDICINU KANTONA SARAJEVO NA OSNOVU RJE\u0160ENJA VLADE KS OD 30.05.2024. GODINE IMENUJU SE PREDSJEDNIK I \u010cLANOVI UPRAVNOG ODBORA JU ZAVOD ZA SPORTSKU MEDICINU KANTONA SARAJEVO NADZORNI ODBOR J.U. ZAVOD ZA [&hellip;]<\/p>\n","protected":false},"author":1,"featured_media":0,"parent":0,"menu_order":0,"comment_status":"closed","ping_status":"closed","template":"","meta":{"footnotes":""},"class_list":["post-905","page","type-page","status-publish","hentry"],"_links":{"self":[{"href":"https:\/\/sportskamedicina.com.ba\/index.php?rest_route=\/wp\/v2\/pages\/905","targetHints":{"allow":["GET"]}}],"collection":[{"href":"https:\/\/sportskamedicina.com.ba\/index.php?rest_route=\/wp\/v2\/pages"}],"about":[{"href":"https:\/\/sportskamedicina.com.ba\/index.php?rest_route=\/wp\/v2\/types\/page"}],"author":[{"embeddable":true,"href":"https:\/\/sportskamedicina.com.ba\/index.php?rest_route=\/wp\/v2\/users\/1"}],"replies":[{"embeddable":true,"href":"https:\/\/sportskamedicina.com.ba\/index.php?rest_route=%2Fwp%2Fv2%2Fcomments&post=905"}],"version-history":[{"count":27,"href":"https:\/\/sportskamedicina.com.ba\/index.php?rest_route=\/wp\/v2\/pages\/905\/revisions"}],"predecessor-version":[{"id":1576,"href":"https:\/\/sportskamedicina.com.ba\/index.php?rest_route=\/wp\/v2\/pages\/905\/revisions\/1576"}],"wp:attachment":[{"href":"https:\/\/sportskamedicina.com.ba\/index.php?rest_route=%2Fwp%2Fv2%2Fmedia&parent=905"}],"curies":[{"name":"wp","href":"https:\/\/api.w.org\/{rel}","templated":true}]}}